{"id":11,"date":"2025-10-21T14:26:46","date_gmt":"2025-10-21T14:26:46","guid":{"rendered":"http:\/\/fotosavieniba.lv\/?page_id=11"},"modified":"2025-10-21T14:26:46","modified_gmt":"2025-10-21T14:26:46","slug":"latvijas-fotografu-savieniba","status":"publish","type":"page","link":"http:\/\/fotosavieniba.lv\/","title":{"rendered":"Latvijas Fotogr\u0101fu Savien\u012bba"},"content":{"rendered":"<p data-start=\"299\" data-end=\"657\"><strong data-start=\"299\" data-end=\"331\">Latvijas Fotogr\u0101fu Savien\u012bba<\/strong> ir nevalstiska profesion\u0101la organiz\u0101cija, kas apvieno Latvijas fotogr\u0101fus, fotogr\u0101fijas pedagogus, fotoamatierus un citus ar vizu\u0101lo m\u0101kslu saist\u012btus rado\u0161us cilv\u0113kus. M\u016bsu m\u0113r\u0137is ir stiprin\u0101t fotogr\u0101fijas noz\u012bmi Latvijas kult\u016br\u0101, aizst\u0101v\u0113t fotogr\u0101fu profesion\u0101l\u0101s intereses un veicin\u0101t kvalitat\u012bvas vizu\u0101l\u0101s vides att\u012bst\u012bbu.<\/p>\n<h3 data-start=\"659\" data-end=\"678\"><strong data-start=\"663\" data-end=\"678\">M\u016bsu misija<\/strong><\/h3>\n<p data-start=\"679\" data-end=\"841\">Veicin\u0101t fotogr\u0101fijas k\u0101 m\u0101kslas, izgl\u012bt\u012bbas un komunik\u0101cijas formas att\u012bst\u012bbu Latvij\u0101, radot platformu sadarb\u012bbai, pieredzes apmai\u0146ai un profesion\u0101lai izaugsmei.<\/p>\n<h3 data-start=\"843\" data-end=\"863\"><strong data-start=\"847\" data-end=\"863\">M\u016bsu darb\u012bba<\/strong><\/h3>\n<p data-start=\"864\" data-end=\"893\">Latvijas Fotogr\u0101fu Savien\u012bba:<\/p>\n<ul data-start=\"894\" data-end=\"1362\">\n<li data-start=\"894\" data-end=\"987\">\n<p data-start=\"896\" data-end=\"987\">organiz\u0113 <strong data-start=\"905\" data-end=\"945\">izst\u0101des, konkursus un meistarklases<\/strong>, populariz\u0113jot Latvijas fotogr\u0101fu darbus;<\/p>\n<\/li>\n<li data-start=\"988\" data-end=\"1092\">\n<p data-start=\"990\" data-end=\"1092\">\u012bsteno <strong data-start=\"997\" data-end=\"1022\">izgl\u012bt\u012bbas programmas<\/strong> un semin\u0101rus, kas pal\u012bdz att\u012bst\u012bt gan tehnisk\u0101s, gan rado\u0161\u0101s prasmes;<\/p>\n<\/li>\n<li data-start=\"1093\" data-end=\"1195\">\n<p data-start=\"1095\" data-end=\"1195\">sadarbojas ar <strong data-start=\"1109\" data-end=\"1144\">kult\u016bras un izgl\u012bt\u012bbas iest\u0101d\u0113m<\/strong>, k\u0101 ar\u012b starptautisk\u0101m fotogr\u0101fijas organiz\u0101cij\u0101m;<\/p>\n<\/li>\n<li data-start=\"1196\" data-end=\"1291\">\n<p data-start=\"1198\" data-end=\"1291\"><strong data-start=\"1198\" data-end=\"1233\">aizst\u0101v fotogr\u0101fu autorties\u012bbas<\/strong> un veicina \u0113tiskas, atbild\u012bgas prakses iev\u0113ro\u0161anu nozar\u0113.<\/p>\n<\/li>\n<\/ul>\n<h3 data-start=\"1364\" data-end=\"1383\"><strong data-start=\"1368\" data-end=\"1383\">M\u016bsu biedri<\/strong><\/h3>\n<p data-start=\"1384\" data-end=\"1593\">Savien\u012bbas biedri ir da\u017e\u0101du paaud\u017eu un stilu fotogr\u0101fi \u2013 no dokument\u0101listiem un portretistiem l\u012bdz eksperiment\u0101l\u0101s un analog\u0101s fotogr\u0101fijas meistariem.<\/p>\n<h3 data-start=\"1595\" data-end=\"1620\"><strong data-start=\"1599\" data-end=\"1620\">K\u013c\u016bsti par biedru<\/strong><\/h3>\n<p data-start=\"1621\" data-end=\"1878\">Ja fotogr\u0101fija ir tava aizrau\u0161an\u0101s vai profesija, pievienojies Latvijas Fotogr\u0101fu Savien\u012bbai!<br data-start=\"1714\" data-end=\"1717\" \/>Biedri sa\u0146em iesp\u0113ju piedal\u012bties izst\u0101d\u0113s, sa\u0146emt profesion\u0101lu atbalstu, izmantot resursus un k\u013c\u016bt par da\u013cu no kopienas, kas veido Latvijas fotogr\u0101fijas n\u0101kotni.<\/p>\n<p data-start=\"1880\" data-end=\"1927\">\ud83d\udc49 <strong data-start=\"1883\" data-end=\"1903\">Pieteikuma forma<\/strong> \u2013 [Pievienojies \u0161eit]<\/p>\n<h3 data-start=\"1929\" data-end=\"1945\"><strong data-start=\"1933\" data-end=\"1945\">Kontakti<\/strong><\/h3>\n<p data-start=\"1946\" data-end=\"2108\">\ud83d\udcf7 Latvijas Fotogr\u0101fu Savien\u012bba<br data-start=\"1977\" data-end=\"1980\" \/>E-pasts: <a class=\"decorated-link cursor-pointer\" rel=\"noopener\" data-start=\"1989\" data-end=\"2015\">info@fotosavieniba.lv<\/a><br data-start=\"2043\" data-end=\"2046\" \/><\/p>\n","protected":false},"excerpt":{"rendered":"<p>Latvijas Fotogr\u0101fu Savien\u012bba ir nevalstiska profesion\u0101la organiz\u0101cija, kas apvieno Latvijas fotogr\u0101fus, fotogr\u0101fijas pedagogus, fotoamatierus un citus ar vizu\u0101lo m\u0101kslu saist\u012btus rado\u0161us cilv\u0113kus. M\u016bsu m\u0113r\u0137is ir stiprin\u0101t fotogr\u0101fijas noz\u012bmi Latvijas kult\u016br\u0101, aizst\u0101v\u0113t fotogr\u0101fu profesion\u0101l\u0101s intereses un veicin\u0101t kvalitat\u012bvas vizu\u0101l\u0101s vides att\u012bst\u012bbu. M\u016bsu misija Veicin\u0101t fotogr\u0101fijas k\u0101 m\u0101kslas, izgl\u012bt\u012bbas un komunik\u0101cijas formas att\u012bst\u012bbu Latvij\u0101, radot platformu sadarb\u012bbai, [&hellip;]<\/p>\n","protected":false},"author":1,"featured_media":0,"parent":0,"menu_order":0,"comment_status":"closed","ping_status":"closed","template":"","meta":{"footnotes":""},"class_list":["post-11","page","type-page","status-publish","hentry"],"_links":{"self":[{"href":"http:\/\/fotosavieniba.lv\/index.php?rest_route=\/wp\/v2\/pages\/11","targetHints":{"allow":["GET"]}}],"collection":[{"href":"http:\/\/fotosavieniba.lv\/index.php?rest_route=\/wp\/v2\/pages"}],"about":[{"href":"http:\/\/fotosavieniba.lv\/index.php?rest_route=\/wp\/v2\/types\/page"}],"author":[{"embeddable":true,"href":"http:\/\/fotosavieniba.lv\/index.php?rest_route=\/wp\/v2\/users\/1"}],"replies":[{"embeddable":true,"href":"http:\/\/fotosavieniba.lv\/index.php?rest_route=%2Fwp%2Fv2%2Fcomments&post=11"}],"version-history":[{"count":1,"href":"http:\/\/fotosavieniba.lv\/index.php?rest_route=\/wp\/v2\/pages\/11\/revisions"}],"predecessor-version":[{"id":12,"href":"http:\/\/fotosavieniba.lv\/index.php?rest_route=\/wp\/v2\/pages\/11\/revisions\/12"}],"wp:attachment":[{"href":"http:\/\/fotosavieniba.lv\/index.php?rest_route=%2Fwp%2Fv2%2Fmedia&parent=11"}],"curies":[{"name":"wp","href":"https:\/\/api.w.org\/{rel}","templated":true}]}}